{"id":1379,"date":"2021-09-08T08:39:54","date_gmt":"2021-09-08T05:39:54","guid":{"rendered":"https:\/\/focusedpupa.com\/?page_id=1379"},"modified":"2023-01-06T15:01:03","modified_gmt":"2023-01-06T12:01:03","slug":"download","status":"publish","type":"page","link":"https:\/\/focusedpupa.com\/en\/download\/","title":{"rendered":"Uygulamay\u0131 \u0130ndirin"},"content":{"rendered":"<div data-elementor-type=\"wp-page\" data-elementor-id=\"1379\" class=\"elementor elementor-1379\" data-elementor-settings=\"[]\">\n\t\t\t\t\t\t\t<div class=\"elementor-section-wrap\">\n\t\t\t\t\t\t\t<section class=\"elementor-section elementor-top-section elementor-element elementor-element-16d9012 elementor-section-full_width elementor-section-height-default elementor-section-height-default\" data-id=\"16d9012\" data-element_type=\"section\">\n\t\t\t\t\t\t<div class=\"elementor-container elementor-column-gap-default\">\n\t\t\t\t\t<div class=\"elementor-column elementor-col-100 elementor-top-column elementor-element elementor-element-295eb38\" data-id=\"295eb38\" data-element_type=\"column\">\n\t\t\t<div class=\"elementor-widget-wrap elementor-element-populated\">\n\t\t\t\t\t\t\t\t<div class=\"elementor-element elementor-element-2edb989 elementor-widget elementor-widget-app-showcase-block\" data-id=\"2edb989\" data-element_type=\"widget\" data-widget_type=\"app-showcase-block.default\">\n\t\t\t\t<div class=\"elementor-widget-container\">\n\t\t\t<!-- Start of App Download  section\r\n    ============================================= -->\r\n<section id=\"1\" class=\"ei-appdownload-section position-relative\" data-background=\"https:\/\/focusedpupa.com\/wp-content\/themes\/appilo\/img\/app-showcase\/background\/appbg1.png\">\r\n    <div class=\"container\">\r\n        <div class=\"ei-appdownload-content\">\r\n            <div class=\"row flex-row-reverse\">\r\n            \r\n                <div class=\"col-lg-6\">\r\n                    <div class=\"ei-app-mockup-img  wow fadeFromRight\" data-wow-delay=\"300ms\" data-wow-duration=\"1500ms\">\r\n                        <img src=\" \" alt>\r\n                    <\/div>\r\n                <\/div>\r\n                \r\n                <div class=\"col-lg-6\">\r\n                    <div class=\"ei-app-down-text wow fadeFromLeft\" data-wow-delay=\"600ms\" data-wow-duration=\"1500ms\">\r\n                       <div class=\"eight-section-title appeight-headline pera-content\">\r\n                            <span class=\"eg-title-tag\">\r\n                                Hemen \u00dccretsiz \u0130ndir <i class=\"square-shape d-block\"><i><\/i><i><\/i> <i><\/i> <i><\/i> <\/i>\r\n                            <\/span>\r\n                        <h2>Telefondan uzakta ge\u00e7irdi\u011fin dakikalar\u0131n\u0131\r\n                            <span>bir sosyal fayda tokeni olan PupaCoin'e d\u00f6n\u00fc\u015ft\u00fcr!<\/span><\/h2>\r\n                        <p>Toplad\u0131\u011f\u0131n PupaCoin'ler ile ister \u00fccretsiz \u00f6d\u00fcl al, ister sosyal sorumluluk kampanyalar\u0131na ba\u011f\u0131\u015f yap, istersen de \u00e7ekili\u015flere kat\u0131l!<\/p>\r\n                    <\/div>\r\n                        <!-- \/title -->\r\n                        <div class=\"app-down-btn\">\r\n                            <a href=\"https:\/\/play.google.com\/store\/apps\/details?id=com.focus.pupa\"><img src=\"https:\/\/focusedpupa.com\/wp-content\/themes\/appilo\/img\/app-showcase\/shape\/btn1.png\" alt><\/a>\r\n                            <a href=\"https:\/\/apps.apple.com\/tr\/app\/focused-pupa\/id1579390348?l=tr\"><img src=\"https:\/\/focusedpupa.com\/wp-content\/themes\/appilo\/img\/app-showcase\/shape\/btn1.png\" alt><\/a>\r\n                        <\/div>\r\n                        <div class=\"ei-download-btn pera-content\">\r\n                            <div class=\"download-icon float-left\"><i aria-hidden=\"true\" class=\"fab fa-instagram\"><\/i><\/div>\r\n                            <p>Instagram hesab\u0131m\u0131zdaki etkinliklere kat\u0131lmaya ne dersin?<\/p>\r\n                            <a href=\"https:\/\/www.instagram.com\/focusedpupa\/\">Takip Et <\/a>\r\n                        <\/div>\r\n                    <\/div>\r\n                <\/div>\r\n                \r\n            <\/div>\r\n        <\/div>\r\n    <\/div>    <div class=\"ei-appdownloaad-shape app-shape1\" data-parallax='{\"y\" : -100}'><img src=\"https:\/\/focusedpupa.com\/wp-content\/themes\/appilo\/img\/app-showcase\/background\/apps1.png\" alt><\/div>\r\n    <div class=\"ei-appdownloaad-shape app-shape2\" data-parallax='{\"x\" : -120}'><img src=\"https:\/\/focusedpupa.com\/wp-content\/themes\/appilo\/img\/app-showcase\/background\/apps2.png\" alt><\/div>\r\n    <div class=\"ei-appdownloaad-shape app-shape3\" data-parallax='{\"y\" : -100}'><img src=\"https:\/\/focusedpupa.com\/wp-content\/themes\/appilo\/img\/app-showcase\/background\/apps3.png\" alt><\/div>\r\n<\/section>\r\n<!-- End of App Download section\r\n    ============================================= -->\t\t<\/div>\n\t\t\t\t<\/div>\n\t\t\t\t\t<\/div>\n\t\t<\/div>\n\t\t\t\t\t\t\t<\/div>\n\t\t<\/section>\n\t\t\t\t\t\t<\/div>\n\t\t\t\t\t<\/div>","protected":false},"excerpt":{"rendered":"","protected":false},"author":1,"featured_media":0,"parent":0,"menu_order":0,"comment_status":"closed","ping_status":"closed","template":"layouts\/home-page-layout.php","meta":[],"_links":{"self":[{"href":"https:\/\/focusedpupa.com\/en\/wp-json\/wp\/v2\/pages\/1379"}],"collection":[{"href":"https:\/\/focusedpupa.com\/en\/wp-json\/wp\/v2\/pages"}],"about":[{"href":"https:\/\/focusedpupa.com\/en\/wp-json\/wp\/v2\/types\/page"}],"author":[{"embeddable":true,"href":"https:\/\/focusedpupa.com\/en\/wp-json\/wp\/v2\/users\/1"}],"replies":[{"embeddable":true,"href":"https:\/\/focusedpupa.com\/en\/wp-json\/wp\/v2\/comments?post=1379"}],"version-history":[{"count":32,"href":"https:\/\/focusedpupa.com\/en\/wp-json\/wp\/v2\/pages\/1379\/revisions"}],"predecessor-version":[{"id":1540,"href":"https:\/\/focusedpupa.com\/en\/wp-json\/wp\/v2\/pages\/1379\/revisions\/1540"}],"wp:attachment":[{"href":"https:\/\/focusedpupa.com\/en\/wp-json\/wp\/v2\/media?parent=1379"}],"curies":[{"name":"wp","href":"https:\/\/api.w.org\/{rel}","templated":true}]}}